{"id":581,"date":"2017-09-05T11:28:13","date_gmt":"2017-09-05T09:28:13","guid":{"rendered":"http:\/\/new.nufnuf-art.ch\/wp\/la-fondation\/"},"modified":"2023-08-09T11:11:50","modified_gmt":"2023-08-09T09:11:50","slug":"the-foundation","status":"publish","type":"page","link":"https:\/\/nufnuf-art.ch\/en\/the-foundation\/","title":{"rendered":"the foundation"},"content":{"rendered":"<section class=\"wpb-content-wrapper\"><p>[vc_row css=&#8221;.vc_custom_1509641392917{padding-bottom: 48px !important;}&#8221; el_class=&#8221;largercoll&#8221;][vc_column width=&#8221;1\/6&#8243; offset=&#8221;vc_col-lg-offset-0 vc_col-md-offset-0&#8243; el_class=&#8221;nomobile&#8221;][\/vc_column][vc_column width=&#8221;2\/3&#8243; offset=&#8221;vc_col-sm-offset-0&#8243; el_class=&#8221;mobile&#8221;][vc_column_text]the <span class=\"nufnuf\">nufnuf-art foundation<\/span> is a charitable foundation within the meaning of articles 80 et seq. of the swiss civil code.<\/p>\n<p>not-for-profit, headquartered in semsales (fr).<\/p>\n<p>incorporated on June 21, 2013 before a notary, it has been entered in the commercial register of the canton of fribourg since July 2, 2013.<\/p>\n<p>as intended by the founders, hans franz thommen (*1957) and fran\u00e7ois diserens (1950 &#8211; 2012), the aims of the  <span class=\"nufnuf\">nufnuf-art foundation<\/span>  are primarily concerned with showcasing a collection of artworks comprising some 1,500 pieces (paintings, sculptures, graphic works) and comic strips (5,000 volumes and 150 original plates) by almost 400 different artists.<\/p>\n<p>To this end, the regulations of the <span class=\"nufnuf\">nufnuf-art fondation<\/span> provide for the loan of these works of art and comic strips to museums, foundations and other public institutions for exhibitions.<\/p>\n<p>The public presentation of the <span class=\"nufnuf\">nufnuf-art foundation<\/span> &#8216;s collection is also planned &#8211; even desired for schools and social institutions.<\/p>\n<p>Finally, meetings with artists are encouraged, as are contacts with museums and art galleries.<\/p>\n<p>Within the scope of its objectives, the Foundation operates throughout Switzerland, and exceptionally abroad in the case of exhibitions.<\/p>\n<p>Donations can be made to the Postfinance account:<br \/>\n12-109964-6 \/ IBAN CH73 0900 000 1210 9964 6 \/ BIC POFICHBEXXX[\/vc_column_text][\/vc_column][vc_column width=&#8221;1\/6&#8243; el_class=&#8221;nomobile&#8221;][\/vc_column][\/vc_row][vc_row full_width=&#8221;stretch_row&#8221; parallax=&#8221;content-moving&#8221; parallax_image=&#8221;1362&#8243; css=&#8221;.vc_custom_1505900822922{padding-top: 48px !important;padding-bottom: 48px !important;background-color: #f4f4f4 !important;}&#8221; el_class=&#8221;blocconseil&#8221;][vc_column]<h2 class=\"vl-custom-title vl-text-center\" style=\"margin-bottom:50px; margin-top:0px; padding-bottom: 10px; padding-top:0px; color:; letter-spacing:;\">conseil de fondation<span class=\"vl-custom-title--line vl-custom-title--line-medium\" style=\"background-color:#eeeeee;\"><\/span><\/h2>[vc_row_inner][vc_column_inner width=&#8221;1\/4&#8243;][vc_column_text]<strong>hans franz thommen<br \/>\n<\/strong><em>co-founder<\/em><br \/>\nChairman of the Board of Trustees[\/vc_column_text][\/vc_column_inner][vc_column_inner width=&#8221;1\/4&#8243;][vc_column_text]<strong>emmanuelle neukomm<br \/>\n<\/strong><em>curator of fine arts<\/em><br \/>\n<em>mus\u00e9e jenisch vevey<\/em><br \/>\nvice-president of the foundation[\/vc_column_text][\/vc_column_inner][vc_column_inner width=&#8221;1\/4&#8243;][vc_column_text]<strong>didier de montmollin<\/strong><br \/>\n<em>lawyer<\/em><br \/>\nmember[\/vc_column_text][\/vc_column_inner][vc_column_inner width=&#8221;1\/4&#8243;][vc_column_text]<strong>jean-pierre diserens<\/strong><br \/>\n<em>financial<\/em><br \/>\nmember[\/vc_column_text][\/vc_column_inner][\/vc_row_inner][vc_row_inner][vc_column_inner width=&#8221;1\/3&#8243;][vc_column_text]<strong>jef gianadda<\/strong><br \/>\n<em>  artist and journalist<\/em><br \/>\nmember (spokesperson)[\/vc_column_text][\/vc_column_inner][vc_column_inner width=&#8221;1\/3&#8243;][vc_column_text]<strong>\u00e9tienne kr\u00e4henb\u00fchl<\/strong><br \/>\n<em>artist<\/em><br \/>\nmember[\/vc_column_text][\/vc_column_inner][vc_column_inner width=&#8221;1\/3&#8243;][vc_column_text]<strong>nicolas noverraz<\/strong><br \/>\n<em>artist<\/em><br \/>\nmember[\/vc_column_text][\/vc_column_inner][\/vc_row_inner][\/vc_column][\/vc_row][vc_row full_width=&#8221;stretch_row&#8221; css=&#8221;.vc_custom_1505741911977{padding-top: 48px !important;padding-bottom: 48px !important;}&#8221;][vc_column]<h2 class=\"vl-custom-title vl-text-center\" style=\"margin-bottom:50px; margin-top:0px; padding-bottom: 10px; padding-top:0px; color:; letter-spacing:;\">publications<span class=\"vl-custom-title--line vl-custom-title--line-medium\" style=\"background-color:#eeeeee;\"><\/span><\/h2>[vc_column_text]<\/p>\n<p style=\"text-align: center;\"><strong>extract from the newspaper la libert\u00e9<\/strong><br \/>\n<a href=\"http:\/\/www.laliberte.ch\/news\/regions\/les-nufnuf-ces-boulimiques-d-art-17077#.U2kOoIF_tuI\" target=\"_blank\" rel=\"noopener\">www.laliberte.ch\/les-nufnuf-ces-boulimiques-d-art<\/a><br \/>\n<em>Saturday, October 5, 2013, page 17, &#8220;sud-broye-lac&#8221;<\/em><\/p>\n<p>[\/vc_column_text][\/vc_column][\/vc_row][vc_row css=&#8221;.vc_custom_1485605688475{padding-top: 80px !important;padding-bottom: 80px !important;}&#8221; el_class=&#8221;vl-sticky-sidebar-parent&#8221;][vc_column width=&#8221;1\/2&#8243; el_class=&#8221;vl-sidebar-fixed legende&#8221;][vc_column_text]<img decoding=\"async\" loading=\"lazy\" class=\"alignleft wp-image-1346 size-full\" src=\"https:\/\/nufnuf-art.ch\/wp-content\/uploads\/La_Liberte.jpg\" alt=\"\" width=\"979\" height=\"212\" srcset=\"https:\/\/nufnuf-art.ch\/wp-content\/uploads\/La_Liberte.jpg 979w, https:\/\/nufnuf-art.ch\/wp-content\/uploads\/La_Liberte-300x65.jpg 300w, https:\/\/nufnuf-art.ch\/wp-content\/uploads\/La_Liberte-768x166.jpg 768w\" sizes=\"(max-width: 979px) 100vw, 979px\" \/><img decoding=\"async\" loading=\"lazy\" class=\"alignleft wp-image-1344 size-full\" src=\"https:\/\/nufnuf-art.ch\/wp-content\/uploads\/05_fr_fr6_thommen.jpg\" alt=\"\" width=\"644\" height=\"429\" srcset=\"https:\/\/nufnuf-art.ch\/wp-content\/uploads\/05_fr_fr6_thommen.jpg 644w, https:\/\/nufnuf-art.ch\/wp-content\/uploads\/05_fr_fr6_thommen-300x200.jpg 300w\" sizes=\"(max-width: 644px) 100vw, 644px\" \/><br \/>\nThe foundation, chaired by Hans Thommen, plans to present its impressive collection to the public. Vincent Murith\/La Libert\u00e9<br \/>\n05\/10\/2013[\/vc_column_text][\/vc_column][vc_column width=&#8221;1\/2&#8243; el_class=&#8221;vl-content-fixed&#8221;][vc_column_text]<\/p>\n<h3>The nufnuf, those art bulimics<\/h3>\n<p><strong>  SEMSALES &#8211; In their 23 years together, Hans Thommen and the late Fran\u00e7ois Diserens amassed 1500 works of art and 5000 comics. The nufnuf-art foundation now protects their collection.<\/strong><\/p>\n<p>They used to call each other &#8220;Schn\u00fcffeli&#8221;, then &#8220;nufnuf&#8221;, to evoke their nosiness and flair for discovery. And indeed, Semsal architect Hans Thommen and his late life partner Fran\u00e7ois Diserens, an anaesthetist, did a fair bit of snooping. Scouring the galleries and art exhibitions of Switzerland and Europe, the couple have accumulated nearly 1,500 works of art, 5,000 volumes of comics and 150 original plates in their twenty-three years together. A booty recently preserved thanks to the creation of a foundation, based in Semsales: the nufnuf-art fondation.<\/p>\n<p>&#8220;We never thought of making a collection,&#8221; says Hans Thommen from the outset. &#8220;It was done without our knowledge. We simply bought what we liked, exclusively works by living artists. No desire to be exhaustive, no speculative intent. Just what we fell in love with. We lived quite simply, on two comfortable salaries. But we lived our love of art intensely, and sometimes visited several galleries on the same day, only to flash, without consulting each other, on the same work. Things quickly took off&#8230;&#8221;<\/p>\n<p>To say the least. There&#8217;s not a wall at the Foundation&#8217;s headquarters in Semsales that isn&#8217;t covered with paintings. The picture rails even invade the building&#8217;s common staircase. &#8220;We had to extend the site,&#8221; smiles Hans Thommen. &#8220;But we still ended up storing some of the works in three locations, in Geneva and Biel.&#8221;<\/p>\n<p>&#8220;There&#8217;s practically every style and every technique,&#8221; continues the master of the house, pointing to a Mir\u00f3 painting here and a work by Diakonoff, Dali, Tinguely, Martinez, Giger or Huxley there. Or a sculpture by Basler, Fontaine or Delano\u00eb. Four hundred artists in all. There&#8217;s no common thread, just a wind of freedom and a marked refusal to be bland.<\/p>\n<p>&nbsp;<\/p>\n<p><strong>  Protecting and transmitting<\/strong><\/p>\n<p>Hans Thommen lives in this wonderful studio every day: &#8220;These works speak to me, and I keep discovering new things. Each one has the energy, the emotion that the artist has put into it, and that carries me along. Without it, I&#8217;d feel like a prisoner. I always say that this collection is worth 1 franc on the balance sheet, but it&#8217;s priceless in terms of emotions.&#8221;<\/p>\n<p>Behind most of the works is a story: that of a purchase, a commission or a friendship. The &#8220;nufnuf&#8221;, with their simple, even atypical gallery look, soon decided to &#8220;hold salon&#8221; once a year, inviting artists &#8211; &#8220;these loners&#8221; &#8211; gallery owners and museum directors to their homes. &#8220;It&#8217;s not the atmosphere of a vernissage, but of art friends getting together,&#8221; confides Hans Thommen. A kind of digital patron, since 2002 he has also maintained a website dedicated to his duly catalogued collection, and since then has offered artists their own personal pages.<\/p>\n<p>Why set up a charitable foundation? &#8220;So that this collection is not dispersed and remains in Semsales,&#8221; explains Hans Thommen, who lost his partner last year. The Foundation may also lend pieces from the collection to museums or other public institutions for exhibitions. &#8220;I&#8217;d also like to organize visits for schools and social institutions,&#8221; stresses Hans Thommen. &#8220;Museums sometimes have a serious, grave side that can be off-putting. Here, the setting is different. We can transmit a taste for art in a relaxed atmosphere.&#8221;[\/vc_column_text][\/vc_column][\/vc_row][vc_row full_width=&#8221;stretch_row&#8221; parallax=&#8221;content-moving-fade&#8221; parallax_image=&#8221;1550&#8243; css=&#8221;.vc_custom_1505911560352{padding-top: 48px !important;padding-bottom: 48px !important;background-color: #737373 !important;}&#8221; el_class=&#8221;biobloc&#8221;][vc_column]<h2 class=\"vl-custom-title vl-text-center\" style=\"margin-bottom:50px; margin-top:0px; padding-bottom: 10px; padding-top:0px; color:; letter-spacing:;\">bio express<span class=\"vl-custom-title--line vl-custom-title--line-medium\" style=\"background-color:#eeeeee;\"><\/span><\/h2>[vc_row_inner][vc_column_inner width=&#8221;1\/2&#8243;][vc_column_text]<\/p>\n<h3>Fran\u00e7ois Diserens<\/h3>\n<p>Born in Riehen (BS). Died in 2012, aged 62.<\/p>\n<p>Anaesthetist. Has worked at the Ch\u00e2tel-Saint-Denis hospital, LACLINIC in Montreux-Territet and Dr Andr\u00e9 Etienne&#8217;s practice in La Tour-de-Peilz.<\/p>\n<p>Played viola with the Orchestre symphonique et universitaire de Lausanne.[\/vc_column_text][\/vc_column_inner][vc_column_inner width=&#8221;1\/2&#8243;][vc_column_text]<\/p>\n<h3>Hans Franz Thommen<\/h3>\n<p>Born in 1957 in Biel\/Bienne.<\/p>\n<p>Early-retired architect. Worked in various offices in Biel, Zurich, Geneva and Lausanne, then in the property management department of a bank, for which he also handled art purchases for a time.[\/vc_column_text][\/vc_column_inner][\/vc_row_inner][\/vc_column][\/vc_row][vc_row full_width=&#8221;stretch_row_content_no_spaces&#8221;][vc_column]<div class=\"vl-hero-header vl-parallax  lighterheroe\" style=\"background-image: url();\"><div class=\"vl-hero-header--inner\"><div class=\"vl-text-center\"><h1 class=\"vl-hero-header--title\" style=\"color:#111111;\">we're all born crazy about art, and some of us stay that way...! it elected you, keep going...<\/h1><p class=\"vl-hero-header--subtitle\" style=\"color:#555555;\">merci \u00e0 nos artistes pour l'\u00e9motion, merci de votre visite dans ce monde du r\u00eave<\/p><\/div><\/div><\/div>[\/vc_column][\/vc_row]<\/p>\n<\/section>","protected":false},"excerpt":{"rendered":"<p>[vc_row css=&#8221;.vc_custom_1509641392917{padding-bottom: 48px !important;}&#8221; el_class=&#8221;largercoll&#8221;][vc_column width=&#8221;1\/6&#8243; offset=&#8221;vc_col-lg-offset-0 vc_col-md-offset-0&#8243; el_class=&#8221;nomobile&#8221;][\/vc_column][vc_column width=&#8221;2\/3&#8243; offset=&#8221;vc_col-sm-offset-0&#8243; el_class=&#8221;mobile&#8221;][vc_column_text]the nufnuf-art foundation is a charitable foundation within the meaning of articles 80 et seq. of the swiss civil code. not-for-profit, headquartered in semsales (fr). incorporated on June 21, 2013 before a notary, it has been entered in the commercial register of the canton of fribourg since July 2, &#8230;<\/p>\n","protected":false},"author":1,"featured_media":0,"parent":0,"menu_order":4,"comment_status":"closed","ping_status":"closed","template":"","meta":{"_mi_skip_tracking":false,"_monsterinsights_sitenote_active":false,"_monsterinsights_sitenote_note":"","_monsterinsights_sitenote_category":0},"yoast_head":"<!-- This site is optimized with the Yoast SEO plugin v20.12 - https:\/\/yoast.com\/wordpress\/plugins\/seo\/ -->\n<title>the foundation | nufnuf-art foundation<\/title>\n<meta name=\"description\" content=\"the aims of the nufnuf-art fondation are essentially to promote a collection of works of art comprising some 1,500 pieces (paintings, sculptures, graphic works) and comic strips (5,000 volumes and 150 original plates) by almost 400 different artists.\" \/>\n<meta name=\"robots\" content=\"index, follow, max-snippet:-1, max-image-preview:large, max-video-preview:-1\" \/>\n<link rel=\"canonical\" href=\"https:\/\/nufnuf-art.ch\/en\/the-foundation\/\" \/>\n<meta property=\"og:locale\" content=\"en_US\" \/>\n<meta property=\"og:type\" content=\"article\" \/>\n<meta property=\"og:title\" content=\"the foundation | nufnuf-art foundation\" \/>\n<meta property=\"og:description\" content=\"the aims of the nufnuf-art fondation are essentially to promote a collection of works of art comprising some 1,500 pieces (paintings, sculptures, graphic works) and comic strips (5,000 volumes and 150 original plates) by almost 400 different artists.\" \/>\n<meta property=\"og:url\" content=\"https:\/\/nufnuf-art.ch\/en\/the-foundation\/\" \/>\n<meta property=\"og:site_name\" content=\"nufnuf-art foundation\" \/>\n<meta property=\"article:publisher\" content=\"https:\/\/www.facebook.com\/nufnuf.art.fondation\/\" \/>\n<meta property=\"article:modified_time\" content=\"2023-08-09T09:11:50+00:00\" \/>\n<meta property=\"og:image\" content=\"https:\/\/nufnuf-art.ch\/wp-content\/uploads\/La_Liberte.jpg\" \/>\n<meta name=\"twitter:card\" content=\"summary_large_image\" \/>\n<meta name=\"twitter:site\" content=\"@nufnuf_art\" \/>\n<meta name=\"twitter:label1\" content=\"Est. reading time\" \/>\n\t<meta name=\"twitter:data1\" content=\"7 minutes\" \/>\n<script type=\"application\/ld+json\" class=\"yoast-schema-graph\">{\"@context\":\"https:\/\/schema.org\",\"@graph\":[{\"@type\":\"WebPage\",\"@id\":\"https:\/\/nufnuf-art.ch\/en\/the-foundation\/\",\"url\":\"https:\/\/nufnuf-art.ch\/en\/the-foundation\/\",\"name\":\"the foundation | nufnuf-art foundation\",\"isPartOf\":{\"@id\":\"https:\/\/nufnuf-art.ch\/en\/#website\"},\"datePublished\":\"2017-09-05T09:28:13+00:00\",\"dateModified\":\"2023-08-09T09:11:50+00:00\",\"description\":\"the aims of the nufnuf-art fondation are essentially to promote a collection of works of art comprising some 1,500 pieces (paintings, sculptures, graphic works) and comic strips (5,000 volumes and 150 original plates) by almost 400 different artists.\",\"breadcrumb\":{\"@id\":\"https:\/\/nufnuf-art.ch\/en\/the-foundation\/#breadcrumb\"},\"inLanguage\":\"en-US\",\"potentialAction\":[{\"@type\":\"ReadAction\",\"target\":[\"https:\/\/nufnuf-art.ch\/en\/the-foundation\/\"]}]},{\"@type\":\"BreadcrumbList\",\"@id\":\"https:\/\/nufnuf-art.ch\/en\/the-foundation\/#breadcrumb\",\"itemListElement\":[{\"@type\":\"ListItem\",\"position\":1,\"name\":\"Accueil\",\"item\":\"https:\/\/nufnuf-art.ch\/en\/accueil\/\"},{\"@type\":\"ListItem\",\"position\":2,\"name\":\"the foundation\"}]},{\"@type\":\"WebSite\",\"@id\":\"https:\/\/nufnuf-art.ch\/en\/#website\",\"url\":\"https:\/\/nufnuf-art.ch\/en\/\",\"name\":\"nufnuf-art foundation\",\"description\":\"art gallery\",\"publisher\":{\"@id\":\"https:\/\/nufnuf-art.ch\/en\/#organization\"},\"potentialAction\":[{\"@type\":\"SearchAction\",\"target\":{\"@type\":\"EntryPoint\",\"urlTemplate\":\"https:\/\/nufnuf-art.ch\/en\/?s={search_term_string}\"},\"query-input\":\"required name=search_term_string\"}],\"inLanguage\":\"en-US\"},{\"@type\":\"Organization\",\"@id\":\"https:\/\/nufnuf-art.ch\/en\/#organization\",\"name\":\"nufnuf-art foundation\",\"url\":\"https:\/\/nufnuf-art.ch\/en\/\",\"logo\":{\"@type\":\"ImageObject\",\"inLanguage\":\"en-US\",\"@id\":\"https:\/\/nufnuf-art.ch\/en\/#\/schema\/logo\/image\/\",\"url\":\"https:\/\/nufnuf-art.ch\/wp-content\/uploads\/nufnuf-logo-dashboard-1.png\",\"contentUrl\":\"https:\/\/nufnuf-art.ch\/wp-content\/uploads\/nufnuf-logo-dashboard-1.png\",\"width\":500,\"height\":500,\"caption\":\"nufnuf-art foundation\"},\"image\":{\"@id\":\"https:\/\/nufnuf-art.ch\/en\/#\/schema\/logo\/image\/\"},\"sameAs\":[\"https:\/\/www.facebook.com\/nufnuf.art.fondation\/\",\"https:\/\/twitter.com\/nufnuf_art\"]}]}<\/script>\n<!-- \/ Yoast SEO plugin. -->","yoast_head_json":{"title":"the foundation | nufnuf-art foundation","description":"the aims of the nufnuf-art fondation are essentially to promote a collection of works of art comprising some 1,500 pieces (paintings, sculptures, graphic works) and comic strips (5,000 volumes and 150 original plates) by almost 400 different artists.","robots":{"index":"index","follow":"follow","max-snippet":"max-snippet:-1","max-image-preview":"max-image-preview:large","max-video-preview":"max-video-preview:-1"},"canonical":"https:\/\/nufnuf-art.ch\/en\/the-foundation\/","og_locale":"en_US","og_type":"article","og_title":"the foundation | nufnuf-art foundation","og_description":"the aims of the nufnuf-art fondation are essentially to promote a collection of works of art comprising some 1,500 pieces (paintings, sculptures, graphic works) and comic strips (5,000 volumes and 150 original plates) by almost 400 different artists.","og_url":"https:\/\/nufnuf-art.ch\/en\/the-foundation\/","og_site_name":"nufnuf-art foundation","article_publisher":"https:\/\/www.facebook.com\/nufnuf.art.fondation\/","article_modified_time":"2023-08-09T09:11:50+00:00","og_image":[{"url":"https:\/\/nufnuf-art.ch\/wp-content\/uploads\/La_Liberte.jpg"}],"twitter_card":"summary_large_image","twitter_site":"@nufnuf_art","twitter_misc":{"Est. reading time":"7 minutes"},"schema":{"@context":"https:\/\/schema.org","@graph":[{"@type":"WebPage","@id":"https:\/\/nufnuf-art.ch\/en\/the-foundation\/","url":"https:\/\/nufnuf-art.ch\/en\/the-foundation\/","name":"the foundation | nufnuf-art foundation","isPartOf":{"@id":"https:\/\/nufnuf-art.ch\/en\/#website"},"datePublished":"2017-09-05T09:28:13+00:00","dateModified":"2023-08-09T09:11:50+00:00","description":"the aims of the nufnuf-art fondation are essentially to promote a collection of works of art comprising some 1,500 pieces (paintings, sculptures, graphic works) and comic strips (5,000 volumes and 150 original plates) by almost 400 different artists.","breadcrumb":{"@id":"https:\/\/nufnuf-art.ch\/en\/the-foundation\/#breadcrumb"},"inLanguage":"en-US","potentialAction":[{"@type":"ReadAction","target":["https:\/\/nufnuf-art.ch\/en\/the-foundation\/"]}]},{"@type":"BreadcrumbList","@id":"https:\/\/nufnuf-art.ch\/en\/the-foundation\/#breadcrumb","itemListElement":[{"@type":"ListItem","position":1,"name":"Accueil","item":"https:\/\/nufnuf-art.ch\/en\/accueil\/"},{"@type":"ListItem","position":2,"name":"the foundation"}]},{"@type":"WebSite","@id":"https:\/\/nufnuf-art.ch\/en\/#website","url":"https:\/\/nufnuf-art.ch\/en\/","name":"nufnuf-art foundation","description":"art gallery","publisher":{"@id":"https:\/\/nufnuf-art.ch\/en\/#organization"},"potentialAction":[{"@type":"SearchAction","target":{"@type":"EntryPoint","urlTemplate":"https:\/\/nufnuf-art.ch\/en\/?s={search_term_string}"},"query-input":"required name=search_term_string"}],"inLanguage":"en-US"},{"@type":"Organization","@id":"https:\/\/nufnuf-art.ch\/en\/#organization","name":"nufnuf-art foundation","url":"https:\/\/nufnuf-art.ch\/en\/","logo":{"@type":"ImageObject","inLanguage":"en-US","@id":"https:\/\/nufnuf-art.ch\/en\/#\/schema\/logo\/image\/","url":"https:\/\/nufnuf-art.ch\/wp-content\/uploads\/nufnuf-logo-dashboard-1.png","contentUrl":"https:\/\/nufnuf-art.ch\/wp-content\/uploads\/nufnuf-logo-dashboard-1.png","width":500,"height":500,"caption":"nufnuf-art foundation"},"image":{"@id":"https:\/\/nufnuf-art.ch\/en\/#\/schema\/logo\/image\/"},"sameAs":["https:\/\/www.facebook.com\/nufnuf.art.fondation\/","https:\/\/twitter.com\/nufnuf_art"]}]}},"_links":{"self":[{"href":"https:\/\/nufnuf-art.ch\/en\/wp-json\/wp\/v2\/pages\/581"}],"collection":[{"href":"https:\/\/nufnuf-art.ch\/en\/wp-json\/wp\/v2\/pages"}],"about":[{"href":"https:\/\/nufnuf-art.ch\/en\/wp-json\/wp\/v2\/types\/page"}],"author":[{"embeddable":true,"href":"https:\/\/nufnuf-art.ch\/en\/wp-json\/wp\/v2\/users\/1"}],"replies":[{"embeddable":true,"href":"https:\/\/nufnuf-art.ch\/en\/wp-json\/wp\/v2\/comments?post=581"}],"version-history":[{"count":5,"href":"https:\/\/nufnuf-art.ch\/en\/wp-json\/wp\/v2\/pages\/581\/revisions"}],"predecessor-version":[{"id":11075,"href":"https:\/\/nufnuf-art.ch\/en\/wp-json\/wp\/v2\/pages\/581\/revisions\/11075"}],"wp:attachment":[{"href":"https:\/\/nufnuf-art.ch\/en\/wp-json\/wp\/v2\/media?parent=581"}],"curies":[{"name":"wp","href":"https:\/\/api.w.org\/{rel}","templated":true}]}}